{"id":591,"date":"2025-08-19T13:53:02","date_gmt":"2025-08-19T13:53:02","guid":{"rendered":"https:\/\/levefibra.com.br\/unai\/?page_id=591"},"modified":"2025-08-19T15:37:02","modified_gmt":"2025-08-19T15:37:02","slug":"quem-somos","status":"publish","type":"page","link":"https:\/\/levefibra.com.br\/unai\/quem-somos\/","title":{"rendered":"Quem Somos"},"content":{"rendered":"\t\t<div data-elementor-type=\"wp-page\" data-elementor-id=\"591\" class=\"elementor elementor-591\" data-elementor-post-type=\"page\">\n\t\t\t\t\t\t<section class=\"elementor-section elementor-top-section elementor-element elementor-element-92a48d9 elementor-section-boxed elementor-section-height-default elementor-section-height-default\" data-id=\"92a48d9\" data-element_type=\"section\" data-settings=\"{&quot;background_background&quot;:&quot;classic&quot;}\">\n\t\t\t\t\t\t<div class=\"elementor-container elementor-column-gap-default\">\n\t\t\t\t\t<div class=\"elementor-column elementor-col-100 elementor-top-column elementor-element elementor-element-25188a7d\" data-id=\"25188a7d\" data-element_type=\"column\">\n\t\t\t<div class=\"elementor-widget-wrap elementor-element-populated\">\n\t\t\t\t\t\t<section class=\"elementor-section elementor-inner-section elementor-element elementor-element-74cf7d9c elementor-section-boxed elementor-section-height-default elementor-section-height-default\" data-id=\"74cf7d9c\" data-element_type=\"section\">\n\t\t\t\t\t\t<div class=\"elementor-container elementor-column-gap-default\">\n\t\t\t\t\t<div class=\"elementor-column elementor-col-50 elementor-inner-column elementor-element elementor-element-5d59a2dd\" data-id=\"5d59a2dd\" data-element_type=\"column\" data-settings=\"{&quot;background_background&quot;:&quot;classic&quot;}\">\n\t\t\t<div class=\"elementor-widget-wrap elementor-element-populated\">\n\t\t\t\t\t\t<div class=\"elementor-element elementor-element-2a0f8353 elementor-widget elementor-widget-image\" data-id=\"2a0f8353\" data-element_type=\"widget\" data-widget_type=\"image.default\">\n\t\t\t\t\t\t\t\t\t\t\t\t\t\t\t<img fetchpriority=\"high\" decoding=\"async\" width=\"414\" height=\"229\" src=\"https:\/\/levefibra.com.br\/unai\/wp-content\/uploads\/2025\/08\/Logotipo-Leve-Unai-06-1.png\" class=\"attachment-full size-full wp-image-502\" alt=\"\" srcset=\"https:\/\/levefibra.com.br\/unai\/wp-content\/uploads\/2025\/08\/Logotipo-Leve-Unai-06-1.png 414w, https:\/\/levefibra.com.br\/unai\/wp-content\/uploads\/2025\/08\/Logotipo-Leve-Unai-06-1-300x166.png 300w\" sizes=\"(max-width: 414px) 100vw, 414px\" \/>\t\t\t\t\t\t\t\t\t\t\t\t\t\t\t<\/div>\n\t\t\t\t\t<\/div>\n\t\t<\/div>\n\t\t\t\t<div class=\"elementor-column elementor-col-50 elementor-inner-column elementor-element elementor-element-294471bd\" data-id=\"294471bd\" data-element_type=\"column\">\n\t\t\t<div class=\"elementor-widget-wrap elementor-element-populated\">\n\t\t\t\t\t\t<div class=\"elementor-element elementor-element-3c5353f8 elementor-widget elementor-widget-heading\" data-id=\"3c5353f8\" data-element_type=\"widget\" data-widget_type=\"heading.default\">\n\t\t\t\t\t<h2 class=\"elementor-heading-title elementor-size-default\">Somos a <\/h2>\t\t\t\t<\/div>\n\t\t\t\t<div class=\"elementor-element elementor-element-ecae6d9 elementor-widget elementor-widget-heading\" data-id=\"ecae6d9\" data-element_type=\"widget\" data-widget_type=\"heading.default\">\n\t\t\t\t\t<h2 class=\"elementor-heading-title elementor-size-default\">Leve Internet<\/h2>\t\t\t\t<\/div>\n\t\t\t\t<div class=\"elementor-element elementor-element-6a5bd13b elementor-widget elementor-widget-text-editor\" data-id=\"6a5bd13b\" data-element_type=\"widget\" data-widget_type=\"text-editor.default\">\n\t\t\t\t\t\t\t\t\t<div class=\"sec-title\"><div class=\"dector thm-bg-clr\">A LEVE INTERNET \u00e9 uma empresa provedora de servi\u00e7os de internet, criada em setembro de 2019, mas com uma experi\u00eancia de mais de 6 anos de atua\u00e7\u00e3o no mercado do Distrito Federal, e ainda, mais de 20 anos de experi\u00eancia no setor de telecomunica\u00e7\u00f5es, pois a LEVE INTERNET surgiu atrav\u00e9s da cis\u00e3o da sociedade com a empresa Brava Internet, que tem sua hist\u00f3ria tra\u00e7ada a partir da d\u00e9cada de 90.<\/div><\/div>\t\t\t\t\t\t\t\t<\/div>\n\t\t\t\t\t<\/div>\n\t\t<\/div>\n\t\t\t\t\t<\/div>\n\t\t<\/section>\n\t\t\t\t\t<\/div>\n\t\t<\/div>\n\t\t\t\t\t<\/div>\n\t\t<\/section>\n\t\t\t\t<section class=\"elementor-section elementor-top-section elementor-element elementor-element-162e4f03 elementor-section-boxed elementor-section-height-default elementor-section-height-default\" data-id=\"162e4f03\" data-element_type=\"section\" data-settings=\"{&quot;background_background&quot;:&quot;classic&quot;}\">\n\t\t\t\t\t\t<div class=\"elementor-container elementor-column-gap-default\">\n\t\t\t\t\t<div class=\"elementor-column elementor-col-100 elementor-top-column elementor-element elementor-element-53d70cd1\" data-id=\"53d70cd1\" data-element_type=\"column\">\n\t\t\t<div class=\"elementor-widget-wrap elementor-element-populated\">\n\t\t\t\t\t\t<section class=\"elementor-section elementor-inner-section elementor-element elementor-element-7fe9f223 elementor-section-boxed elementor-section-height-default elementor-section-height-default\" data-id=\"7fe9f223\" data-element_type=\"section\">\n\t\t\t\t\t\t<div class=\"elementor-container elementor-column-gap-extended\">\n\t\t\t\t\t<div class=\"elementor-column elementor-col-33 elementor-inner-column elementor-element elementor-element-383ade5e elementor-invisible\" data-id=\"383ade5e\" data-element_type=\"column\" data-settings=\"{&quot;animation&quot;:&quot;fadeInRight&quot;,&quot;background_background&quot;:&quot;classic&quot;}\">\n\t\t\t<div class=\"elementor-widget-wrap elementor-element-populated\">\n\t\t\t\t\t<div class=\"elementor-background-overlay\"><\/div>\n\t\t\t\t\t\t<div class=\"elementor-element elementor-element-4ea2c691 elementor-widget elementor-widget-heading\" data-id=\"4ea2c691\" data-element_type=\"widget\" data-widget_type=\"heading.default\">\n\t\t\t\t\t<h3 class=\"elementor-heading-title elementor-size-default\">MISS\u00c3O<\/h3>\t\t\t\t<\/div>\n\t\t\t\t<div class=\"elementor-element elementor-element-24665a9d elementor-widget elementor-widget-text-editor\" data-id=\"24665a9d\" data-element_type=\"widget\" data-widget_type=\"text-editor.default\">\n\t\t\t\t\t\t\t\t\t<p>Levar internet ao maior n\u00famero poss\u00edvel de lugares proporcionando experi\u00eancias e sensa\u00e7\u00f5es prazerosas e produtivas aos nossos clientes.<\/p>\t\t\t\t\t\t\t\t<\/div>\n\t\t\t\t\t<\/div>\n\t\t<\/div>\n\t\t\t\t<div class=\"elementor-column elementor-col-33 elementor-inner-column elementor-element elementor-element-a5690e2 elementor-invisible\" data-id=\"a5690e2\" data-element_type=\"column\" data-settings=\"{&quot;animation&quot;:&quot;fadeInRight&quot;,&quot;background_background&quot;:&quot;classic&quot;}\">\n\t\t\t<div class=\"elementor-widget-wrap elementor-element-populated\">\n\t\t\t\t\t<div class=\"elementor-background-overlay\"><\/div>\n\t\t\t\t\t\t<div class=\"elementor-element elementor-element-9b2b869 elementor-widget elementor-widget-heading\" data-id=\"9b2b869\" data-element_type=\"widget\" data-widget_type=\"heading.default\">\n\t\t\t\t\t<h3 class=\"elementor-heading-title elementor-size-default\">VIS\u00c3O<\/h3>\t\t\t\t<\/div>\n\t\t\t\t<div class=\"elementor-element elementor-element-3335301 elementor-widget elementor-widget-text-editor\" data-id=\"3335301\" data-element_type=\"widget\" data-widget_type=\"text-editor.default\">\n\t\t\t\t\t\t\t\t\t<p>Ser refer\u00eancia pela qualidade na presta\u00e7\u00e3o dos servi\u00e7os e poder influenciar na escolha da sua internet.<\/p>\t\t\t\t\t\t\t\t<\/div>\n\t\t\t\t\t<\/div>\n\t\t<\/div>\n\t\t\t\t<div class=\"elementor-column elementor-col-33 elementor-inner-column elementor-element elementor-element-17bca11 elementor-invisible\" data-id=\"17bca11\" data-element_type=\"column\" data-settings=\"{&quot;animation&quot;:&quot;fadeInRight&quot;,&quot;background_background&quot;:&quot;classic&quot;}\">\n\t\t\t<div class=\"elementor-widget-wrap elementor-element-populated\">\n\t\t\t\t\t<div class=\"elementor-background-overlay\"><\/div>\n\t\t\t\t\t\t<div class=\"elementor-element elementor-element-598a2ce elementor-widget elementor-widget-heading\" data-id=\"598a2ce\" data-element_type=\"widget\" data-widget_type=\"heading.default\">\n\t\t\t\t\t<h3 class=\"elementor-heading-title elementor-size-default\">VALORES<\/h3>\t\t\t\t<\/div>\n\t\t\t\t<div class=\"elementor-element elementor-element-c3decf1 elementor-widget elementor-widget-text-editor\" data-id=\"c3decf1\" data-element_type=\"widget\" data-widget_type=\"text-editor.default\">\n\t\t\t\t\t\t\t\t\t<p>Entusiasmo, Foco no cliente, Gratid\u00e3o, Honestidade, Simplicidade e Sustentabilidade<\/p>\t\t\t\t\t\t\t\t<\/div>\n\t\t\t\t\t<\/div>\n\t\t<\/div>\n\t\t\t\t\t<\/div>\n\t\t<\/section>\n\t\t\t\t\t<\/div>\n\t\t<\/div>\n\t\t\t\t\t<\/div>\n\t\t<\/section>\n\t\t\t\t<\/div>\n\t\t","protected":false},"excerpt":{"rendered":"<p>Somos a Leve Internet A LEVE INTERNET \u00e9 uma empresa provedora de servi\u00e7os de internet, criada em setembro de 2019, mas com uma experi\u00eancia de mais de 6 anos de atua\u00e7\u00e3o no mercado do Distrito Federal, e ainda, mais de 20 anos de experi\u00eancia no setor de telecomunica\u00e7\u00f5es, pois a LEVE INTERNET surgiu atrav\u00e9s da [&hellip;]<\/p>\n","protected":false},"author":1,"featured_media":0,"parent":0,"menu_order":0,"comment_status":"closed","ping_status":"closed","template":"elementor_header_footer","meta":{"footnotes":""},"class_list":["post-591","page","type-page","status-publish","hentry"],"_links":{"self":[{"href":"https:\/\/levefibra.com.br\/unai\/wp-json\/wp\/v2\/pages\/591","targetHints":{"allow":["GET"]}}],"collection":[{"href":"https:\/\/levefibra.com.br\/unai\/wp-json\/wp\/v2\/pages"}],"about":[{"href":"https:\/\/levefibra.com.br\/unai\/wp-json\/wp\/v2\/types\/page"}],"author":[{"embeddable":true,"href":"https:\/\/levefibra.com.br\/unai\/wp-json\/wp\/v2\/users\/1"}],"replies":[{"embeddable":true,"href":"https:\/\/levefibra.com.br\/unai\/wp-json\/wp\/v2\/comments?post=591"}],"version-history":[{"count":25,"href":"https:\/\/levefibra.com.br\/unai\/wp-json\/wp\/v2\/pages\/591\/revisions"}],"predecessor-version":[{"id":637,"href":"https:\/\/levefibra.com.br\/unai\/wp-json\/wp\/v2\/pages\/591\/revisions\/637"}],"wp:attachment":[{"href":"https:\/\/levefibra.com.br\/unai\/wp-json\/wp\/v2\/media?parent=591"}],"curies":[{"name":"wp","href":"https:\/\/api.w.org\/{rel}","templated":true}]}}